{"id":2420,"date":"2023-01-02T15:10:48","date_gmt":"2023-01-02T14:10:48","guid":{"rendered":"http:\/\/2022.fsl.swiss\/spenden\/"},"modified":"2023-10-02T12:28:18","modified_gmt":"2023-10-02T10:28:18","slug":"spenden","status":"publish","type":"page","link":"https:\/\/2022.fsl.swiss\/fr\/spenden\/","title":{"rendered":"Spenden"},"content":{"rendered":"<p>[vc_row height_ratio=\u00a0\u00bb70&Prime; padding_top_multiplier=\u00a0\u00bb\u00a0\u00bb rc_bg_type=\u00a0\u00bbimage\u00a0\u00bb rc_bg_image=\u00a0\u00bb1022&Prime; rc_bg_image_size=\u00a0\u00bbresponsive\u00a0\u00bb rc_bg_position=\u00a0\u00bbcenter-top\u00a0\u00bb rc_bg_image_scroll_effect=\u00a0\u00bbopacity-scroll-effect\u00a0\u00bb rc_bg_color=\u00a0\u00bb#031e45&Prime; rc_font_color=\u00a0\u00bb#ffffff\u00a0\u00bb][vc_column vertical_content_position=\u00a0\u00bbbottom\u00a0\u00bb el_class=\u00a0\u00bbslider-text\u00a0\u00bb][vc_column_text]<\/p>\n<h1>Spenden<\/h1>\n<p>[\/vc_column_text][\/vc_column][\/vc_row][vc_row padding_top_multiplier=\u00a0\u00bb\u00a0\u00bb padding_bottom_multiplier=\u00a0\u00bb\u00a0\u00bb rc_bg_type=\u00a0\u00bbcolor\u00a0\u00bb rc_bg_color=\u00a0\u00bb#031e45&Prime;][vc_column animation=\u00a0\u00bbfade-in-up\u00a0\u00bb grve_css=\u00a0\u00bb{\u00ab\u00a0desktop\u00ab\u00a0:{\u00ab\u00a0margin-right\u00ab\u00a0:\u00ab\u00a0-\u00ab\u00a0,\u00ab\u00a0margin-left\u00ab\u00a0:\u00ab\u00a0-\u00ab\u00a0,\u00ab\u00a0class\u00ab\u00a0:\u00ab\u00a0grve-wpb-1672655897990\u00ab\u00a0}}\u00a0\u00bb]<div style=\"height: 20px;\" class=\"grve-empty-space\"><\/div>[vc_column_text][\/vc_column_text][\/vc_column][\/vc_row][vc_row rc_heading_color=\u00a0\u00bbwhite\u00a0\u00bb][vc_column][vc_column_text]Als unser Sponsor und F\u00f6rderer leben Sie mit uns die Ideale der Festival Strings Lucerne: V\u00f6lkerverst\u00e4ndigung, Enthusiasmus, Spontaneit\u00e4t, Ausdrucksvielfalt und Wille zur Perfektion.<\/p>\n<p>Sowohl im Rahmen der Eigenveranstaltungen im KKL Luzern als auch als Toursponsor der weltweiten Konzertreisen eines der \u00abprofiliertesten Kammerorchester Europas\u00bb liefern wir mit individualisierten Angeboten ein weites Feld an M\u00f6glichkeiten Kundenanl\u00e4sse zu gestalten.<\/p>\n<p>Ein Engagement als Sponsor der Festival Strings Lucerne bietet Ihnen sowohl eine ideale Networking-Plattform als auch einen z\u00e4hlbaren Return-on-Investment![\/vc_column_text][\/vc_column][\/vc_row][vc_row rc_heading_color=\u00a0\u00bbwhite\u00a0\u00bb][vc_column][vc_column_text]Wir freuen uns, mit Ihnen dar\u00fcber sprechen zu d\u00fcrfen.<br \/>\n<strong>Hans-Christoph Mauruschat, Orchesterdirektor<\/strong><\/p>\n<p>Tel: +41 41 420 62 63<br \/>\nE-Mail: <a href=\"mailto:mauruschat@festivalstringslucerne.org\" target=\"_blank\" rel=\"noopener\">mauruschat@festivalstringslucerne.org<\/a><strong><br \/>\n<\/strong>[\/vc_column_text][\/vc_column][\/vc_row][vc_row][vc_column width=\u00a0\u00bb1\/2&Prime;]<div class=\"grve-element grve-align-inherit FSL-Button\" style=\"margin-bottom: 20px;\"><a href=\"#Abo-Formular\" class=\"grve-btn grve-square grve-bg-primary-3 grve-border-primary-3 grve-bg-hover-primary-2 grve-border-hover-primary-2 grve-pulse grve-text-white grve-text-hover-white grve-btn-small\">\n\t\t<span>Zum Kontaktformular<\/span>\n\t\t\t\t\t\t\t<\/a><\/div>[\/vc_column][vc_column width=\u00a0\u00bb1\/2&Prime;][\/vc_column][\/vc_row]<\/p>\n","protected":false},"excerpt":{"rendered":"<p>[vc_row height_ratio=\u00a0\u00bb70&Prime; padding_top_multiplier=\u00a0\u00bb\u00a0\u00bb rc_bg_type=\u00a0\u00bbimage\u00a0\u00bb rc_bg_image=\u00a0\u00bb1022&Prime; rc_bg_image_size=\u00a0\u00bbresponsive\u00a0\u00bb rc_bg_position=\u00a0\u00bbcenter-top\u00a0\u00bb rc_bg_image_scroll_effect=\u00a0\u00bbopacity-scroll-effect\u00a0\u00bb rc_bg_color=\u00a0\u00bb#031e45&Prime; rc_font_color=\u00a0\u00bb#ffffff\u00a0\u00bb][vc_column vertical_content_position=\u00a0\u00bbbottom\u00a0\u00bb el_class=\u00a0\u00bbslider-text\u00a0\u00bb][vc_column_text] Spenden [\/vc_column_text][\/vc_column][\/vc_row][vc_row padding_top_multiplier=\u00a0\u00bb\u00a0\u00bb padding_bottom_multiplier=\u00a0\u00bb\u00a0\u00bb rc_bg_type=\u00a0\u00bbcolor\u00a0\u00bb rc_bg_color=\u00a0\u00bb#031e45&Prime;][vc_column animation=\u00a0\u00bbfade-in-up\u00a0\u00bb grve_css=\u00a0\u00bb{\u00ab\u00a0desktop\u00ab\u00a0:{\u00ab\u00a0margin-right\u00ab\u00a0:\u00ab\u00a0-\u00ab\u00a0,\u00ab\u00a0margin-left\u00ab\u00a0:\u00ab\u00a0-\u00ab\u00a0,\u00ab\u00a0class\u00ab\u00a0:\u00ab\u00a0grve-wpb-1672655897990\u00ab\u00a0}}\u00a0\u00bb][vc_column_text][\/vc_column_text][\/vc_column][\/vc_row][vc_row rc_heading_color=\u00a0\u00bbwhite\u00a0\u00bb][vc_column][vc_column_text]Als unser Sponsor und F\u00f6rderer leben Sie mit uns die [&hellip;]<\/p>\n","protected":false},"author":1,"featured_media":0,"parent":0,"menu_order":0,"comment_status":"closed","ping_status":"closed","template":"","meta":{"content-type":"","inline_featured_image":false,"footnotes":""},"class_list":["post-2420","page","type-page","status-publish","hentry","grve-entry-item"],"_links":{"self":[{"href":"https:\/\/2022.fsl.swiss\/fr\/wp-json\/wp\/v2\/pages\/2420","targetHints":{"allow":["GET"]}}],"collection":[{"href":"https:\/\/2022.fsl.swiss\/fr\/wp-json\/wp\/v2\/pages"}],"about":[{"href":"https:\/\/2022.fsl.swiss\/fr\/wp-json\/wp\/v2\/types\/page"}],"author":[{"embeddable":true,"href":"https:\/\/2022.fsl.swiss\/fr\/wp-json\/wp\/v2\/users\/1"}],"replies":[{"embeddable":true,"href":"https:\/\/2022.fsl.swiss\/fr\/wp-json\/wp\/v2\/comments?post=2420"}],"version-history":[{"count":1,"href":"https:\/\/2022.fsl.swiss\/fr\/wp-json\/wp\/v2\/pages\/2420\/revisions"}],"predecessor-version":[{"id":2423,"href":"https:\/\/2022.fsl.swiss\/fr\/wp-json\/wp\/v2\/pages\/2420\/revisions\/2423"}],"wp:attachment":[{"href":"https:\/\/2022.fsl.swiss\/fr\/wp-json\/wp\/v2\/media?parent=2420"}],"curies":[{"name":"wp","href":"https:\/\/api.w.org\/{rel}","templated":true}]}}