{"id":2414,"date":"2023-01-02T15:11:45","date_gmt":"2023-01-02T14:11:45","guid":{"rendered":"http:\/\/2022.fsl.swiss\/sponsor-werden\/"},"modified":"2023-10-02T12:27:40","modified_gmt":"2023-10-02T10:27:40","slug":"sponsor-werden","status":"publish","type":"page","link":"https:\/\/2022.fsl.swiss\/en\/sponsor-werden\/","title":{"rendered":"Sponsor werden"},"content":{"rendered":"<p>[vc_row height_ratio=&#8221;70&#8243; padding_top_multiplier=&#8221;&#8221; rc_bg_type=&#8221;image&#8221; rc_bg_image=&#8221;1022&#8243; rc_bg_image_size=&#8221;responsive&#8221; rc_bg_position=&#8221;center-top&#8221; rc_bg_image_scroll_effect=&#8221;opacity-scroll-effect&#8221; rc_bg_color=&#8221;#031e45&#8243; rc_font_color=&#8221;#ffffff&#8221;][vc_column vertical_content_position=&#8221;bottom&#8221; el_class=&#8221;slider-text&#8221;][vc_column_text]<\/p>\n<h1>Sponsor werden<\/h1>\n<p>[\/vc_column_text][\/vc_column][\/vc_row][vc_row padding_top_multiplier=&#8221;&#8221; padding_bottom_multiplier=&#8221;&#8221; rc_bg_type=&#8221;color&#8221; rc_bg_color=&#8221;#031e45&#8243;][vc_column animation=&#8221;fade-in-up&#8221; grve_css=&#8221;{&#8220;desktop&#8220;:{&#8220;margin-right&#8220;:&#8220;-&#8220;,&#8220;margin-left&#8220;:&#8220;-&#8220;,&#8220;class&#8220;:&#8220;grve-wpb-1672655897990&#8220;}}&#8221;]<div style=\"height: 20px;\" class=\"grve-empty-space\"><\/div>[vc_column_text][\/vc_column_text][\/vc_column][\/vc_row][vc_row rc_heading_color=&#8221;white&#8221;][vc_column][vc_column_text]Als unser Sponsor und F\u00f6rderer leben Sie mit uns die Ideale der Festival Strings Lucerne: V\u00f6lkerverst\u00e4ndigung, Enthusiasmus, Spontaneit\u00e4t, Ausdrucksvielfalt und Wille zur Perfektion.<\/p>\n<p>Sowohl im Rahmen der Eigenveranstaltungen im KKL Luzern als auch als Toursponsor der weltweiten Konzertreisen eines der \u00abprofiliertesten Kammerorchester Europas\u00bb liefern wir mit individualisierten Angeboten ein weites Feld an M\u00f6glichkeiten Kundenanl\u00e4sse zu gestalten.<\/p>\n<p>Ein Engagement als Sponsor der Festival Strings Lucerne bietet Ihnen sowohl eine ideale Networking-Plattform als auch einen z\u00e4hlbaren Return-on-Investment![\/vc_column_text][\/vc_column][\/vc_row][vc_row rc_heading_color=&#8221;white&#8221;][vc_column][vc_column_text]Wir freuen uns, mit Ihnen dar\u00fcber sprechen zu d\u00fcrfen.<br \/>\n<strong>Hans-Christoph Mauruschat, Orchesterdirektor<\/strong><\/p>\n<p>Tel: +41 41 420 62 63<br \/>\nE-Mail: <a href=\"mailto:mauruschat@festivalstringslucerne.org\" target=\"_blank\" rel=\"noopener\">mauruschat@festivalstringslucerne.org<\/a><strong><br \/>\n<\/strong>[\/vc_column_text][\/vc_column][\/vc_row][vc_row][vc_column width=&#8221;1\/2&#8243;]<div class=\"grve-element grve-align-inherit FSL-Button\" style=\"margin-bottom: 20px;\"><a href=\"#Abo-Formular\" class=\"grve-btn grve-square grve-bg-primary-3 grve-border-primary-3 grve-bg-hover-primary-2 grve-border-hover-primary-2 grve-pulse grve-text-white grve-text-hover-white grve-btn-small\">\n\t\t<span>Zum Kontaktformular<\/span>\n\t\t\t\t\t\t\t<\/a><\/div>[\/vc_column][vc_column width=&#8221;1\/2&#8243;][\/vc_column][\/vc_row]<\/p>\n","protected":false},"excerpt":{"rendered":"<p>[vc_row height_ratio=&#8221;70&#8243; padding_top_multiplier=&#8221;&#8221; rc_bg_type=&#8221;image&#8221; rc_bg_image=&#8221;1022&#8243; rc_bg_image_size=&#8221;responsive&#8221; rc_bg_position=&#8221;center-top&#8221; rc_bg_image_scroll_effect=&#8221;opacity-scroll-effect&#8221; rc_bg_color=&#8221;#031e45&#8243; rc_font_color=&#8221;#ffffff&#8221;][vc_column vertical_content_position=&#8221;bottom&#8221; el_class=&#8221;slider-text&#8221;][vc_column_text] Sponsor werden [\/vc_column_text][\/vc_column][\/vc_row][vc_row padding_top_multiplier=&#8221;&#8221; padding_bottom_multiplier=&#8221;&#8221; rc_bg_type=&#8221;color&#8221; rc_bg_color=&#8221;#031e45&#8243;][vc_column animation=&#8221;fade-in-up&#8221; grve_css=&#8221;{&#8220;desktop&#8220;:{&#8220;margin-right&#8220;:&#8220;-&#8220;,&#8220;margin-left&#8220;:&#8220;-&#8220;,&#8220;class&#8220;:&#8220;grve-wpb-1672655897990&#8220;}}&#8221;][vc_column_text][\/vc_column_text][\/vc_column][\/vc_row][vc_row rc_heading_color=&#8221;white&#8221;][vc_column][vc_column_text]Als unser Sponsor und F\u00f6rderer leben Sie mit uns [&hellip;]<\/p>\n","protected":false},"author":1,"featured_media":0,"parent":0,"menu_order":0,"comment_status":"closed","ping_status":"closed","template":"","meta":{"content-type":"","inline_featured_image":false,"footnotes":""},"class_list":["post-2414","page","type-page","status-publish","hentry","grve-entry-item"],"_links":{"self":[{"href":"https:\/\/2022.fsl.swiss\/en\/wp-json\/wp\/v2\/pages\/2414","targetHints":{"allow":["GET"]}}],"collection":[{"href":"https:\/\/2022.fsl.swiss\/en\/wp-json\/wp\/v2\/pages"}],"about":[{"href":"https:\/\/2022.fsl.swiss\/en\/wp-json\/wp\/v2\/types\/page"}],"author":[{"embeddable":true,"href":"https:\/\/2022.fsl.swiss\/en\/wp-json\/wp\/v2\/users\/1"}],"replies":[{"embeddable":true,"href":"https:\/\/2022.fsl.swiss\/en\/wp-json\/wp\/v2\/comments?post=2414"}],"version-history":[{"count":1,"href":"https:\/\/2022.fsl.swiss\/en\/wp-json\/wp\/v2\/pages\/2414\/revisions"}],"predecessor-version":[{"id":2417,"href":"https:\/\/2022.fsl.swiss\/en\/wp-json\/wp\/v2\/pages\/2414\/revisions\/2417"}],"wp:attachment":[{"href":"https:\/\/2022.fsl.swiss\/en\/wp-json\/wp\/v2\/media?parent=2414"}],"curies":[{"name":"wp","href":"https:\/\/api.w.org\/{rel}","templated":true}]}}