{"id":2371,"date":"2022-08-31T10:00:01","date_gmt":"2022-08-31T08:00:01","guid":{"rendered":"http:\/\/2022.fsl.swiss\/management\/"},"modified":"2023-10-02T12:20:53","modified_gmt":"2023-10-02T10:20:53","slug":"management","status":"publish","type":"page","link":"https:\/\/2022.fsl.swiss\/en\/management\/","title":{"rendered":"Management"},"content":{"rendered":"<p>[vc_row height_ratio=&#8221;70&#8243; padding_top_multiplier=&#8221;&#8221; rc_bg_type=&#8221;image&#8221; rc_bg_image=&#8221;1887&#8243; rc_bg_image_size=&#8221;responsive&#8221; rc_bg_tablet_sm_position=&#8221;center-top&#8221; rc_bg_image_scroll_effect=&#8221;opacity-scroll-effect&#8221; rc_bg_color=&#8221;#031e45&#8243; rc_font_color=&#8221;#ffffff&#8221;][vc_column vertical_content_position=&#8221;bottom&#8221; el_class=&#8221;slider-text&#8221;][vc_column_text]<\/p>\n<h1>The Management<\/h1>\n<p>[\/vc_column_text][\/vc_column][\/vc_row][vc_row rc_heading_color=&#8221;white&#8221;][vc_column grve_css=&#8221;{&#8220;desktop&#8220;:{&#8220;margin-right&#8220;:&#8220;5%&#8220;,&#8220;margin-left&#8220;:&#8220;5%&#8220;,&#8220;class&#8220;:&#8220;grve-wpb-1655112933082&#8220;}}&#8221;][vc_column_text]Lorem ipsum dolor sit amet, consetetur sadipscing elitr, sed diam nonumy eirmod tempor invidunt ut labore et dolore magna aliquyam erat, sed diam voluptua. At vero eos et accusam et justo duo dolores et ea rebum. Stet clita kasd gubergren, no sea takimata sanctus est Lorem ipsum dolor sit amet. Lorem ipsum dolor sit amet, consetetur sadipscing elitr, sed diam nonumy eirmod tempor invidunt ut labore et dolore magna aliquyam erat, sed diam voluptua. At vero eos et accusam et justo duo dolores et ea rebum. Stet clita kasd gubergren, no sea takimata sanctus est Lorem ipsum dolor sit amet.[\/vc_column_text][\/vc_column][\/vc_row][vc_row][vc_column][vc_tta_tabs active_section=&#8221;1&#8243; tab_go_top=&#8221;yes&#8221;][vc_tta_section title=&#8221;Der Orchesterdirektor&#8221; tab_id=&#8221;1656243465426-6d45325a-a8a416626325989411672665394191&#8243;][vc_row_inner padding_top_multiplier=&#8221;1x&#8221; padding_bottom_multiplier=&#8221;1x&#8221;][vc_column_inner][vc_column_text]<\/p>\n<h4><img fetchpriority=\"high\" decoding=\"async\" class=\" wp-image-2087 alignleft\" src=\"http:\/\/2022.fsl.swiss\/wp-content\/uploads\/2023\/06\/FU_6468-5-1024x683.jpg\" alt=\"Hans-Christoph Mauruschat \u00a9Fabrice Umiglia\" width=\"840\" height=\"560\" srcset=\"https:\/\/2022.fsl.swiss\/wp-content\/uploads\/2023\/06\/FU_6468-5-1024x683.jpg 1024w, https:\/\/2022.fsl.swiss\/wp-content\/uploads\/2023\/06\/FU_6468-5-scaled-600x400.jpg 600w, https:\/\/2022.fsl.swiss\/wp-content\/uploads\/2023\/06\/FU_6468-5-300x200.jpg 300w, https:\/\/2022.fsl.swiss\/wp-content\/uploads\/2023\/06\/FU_6468-5-768x512.jpg 768w, https:\/\/2022.fsl.swiss\/wp-content\/uploads\/2023\/06\/FU_6468-5-1536x1024.jpg 1536w, https:\/\/2022.fsl.swiss\/wp-content\/uploads\/2023\/06\/FU_6468-5-1920x1280.jpg 1920w\" sizes=\"(max-width: 840px) 100vw, 840px\" \/><br \/>\nHans-Christoph Mauruschat<\/h4>\n<p>Der Berliner Musikmanager, Musiker und Publizist Hans-Christoph Mauruschat entstammt einer Musikerfamilie. Nach dem Studium in Wien und Berlin begann er als Geiger eine Laufbahn als freiberuflicher Orchestermusiker unter Dirigenten wie Leonard Bernstein, Riccardo Chailly, Kurt Sanderling, Christoph Eschenbach und Thomas Hengelbrock, bevor er ab 1999 die Verwaltung der privaten Musikquellensammlung und Rara-Bibliothek \u00abHans-Sommer-Archiv, Berlin\u00bb \u00fcbernahm.<\/p>\n<p>F\u00fcr rund zehn Jahre widmete er sich der Auswertung des umfangreichen und kaum erschlossenen historischen Bestands, entdeckte den Komponisten Hans Sommer (1837\u20131922) neu und schrieb f\u00fcr zahlreiche Fachzeitschriften beispielsweise \u00fcber die Gr\u00fcndungsgeschichte der ersten deutschen Verwertungsgesellschaft, publizierte eigene Quellenfunde wie von Christoph Gluck oder aus der Bach-Familie und leitete Projekte des Archivs f\u00fcr das Gewandhaus Leipzig sowie f\u00fcr die Staatsopern in Wien und Berlin. F\u00fcr die Wiener Universal Edition gab er 20 Orchesterges\u00e4nge von Hans Sommer heraus. Die im Zusammenhang stehende SACD-Ver\u00f6ffentlichung erhielt international Auszeichnungen wie den Diapason D\u00e9couverte in Frankreich oder den Excellentia Award der Zeitschrift Pizzicato.<\/p>\n<p>Von 2002 bis 2006 war Mauruschat zudem Manager des von dem Pianisten Markus Groh gegr\u00fcndeten Kammermusikfestivals im brandenburgischen Bebersee (nahe Berlin) und arbeitete mit Musikern wie Arabella Steinbacher, Baiba Skride, Alban Gerhardt oder Nicolas Altstaedt zusammen, bevor er im Mai 2009 die Gesch\u00e4ftsleitung der Festival Strings Lucerne \u00fcbernahm.[\/vc_column_text][\/vc_column_inner][\/vc_row_inner][\/vc_tta_section][vc_tta_section title=&#8221;Das Team&#8221; tab_id=&#8221;1656243465533-dccf0606-7a8616626325989411672665394191&#8243;][vc_row_inner padding_top_multiplier=&#8221;1x&#8221; padding_bottom_multiplier=&#8221;2x&#8221;][vc_column_inner][vc_column_text]Fabrice Umiglia<\/p>\n<p>Teodora Calis<\/p>\n<p>Dominique Fischer<\/p>\n<p>Alexander Kionke[\/vc_column_text][\/vc_column_inner][\/vc_row_inner][\/vc_tta_section][\/vc_tta_tabs][\/vc_column][\/vc_row]<\/p>\n","protected":false},"excerpt":{"rendered":"<p>[vc_row height_ratio=&#8221;70&#8243; padding_top_multiplier=&#8221;&#8221; rc_bg_type=&#8221;image&#8221; rc_bg_image=&#8221;1887&#8243; rc_bg_image_size=&#8221;responsive&#8221; rc_bg_tablet_sm_position=&#8221;center-top&#8221; rc_bg_image_scroll_effect=&#8221;opacity-scroll-effect&#8221; rc_bg_color=&#8221;#031e45&#8243; rc_font_color=&#8221;#ffffff&#8221;][vc_column vertical_content_position=&#8221;bottom&#8221; el_class=&#8221;slider-text&#8221;][vc_column_text] The Management [\/vc_column_text][\/vc_column][\/vc_row][vc_row rc_heading_color=&#8221;white&#8221;][vc_column grve_css=&#8221;{&#8220;desktop&#8220;:{&#8220;margin-right&#8220;:&#8220;5%&#8220;,&#8220;margin-left&#8220;:&#8220;5%&#8220;,&#8220;class&#8220;:&#8220;grve-wpb-1655112933082&#8220;}}&#8221;][vc_column_text]Lorem ipsum dolor sit amet, consetetur sadipscing elitr, sed diam nonumy eirmod tempor invidunt [&hellip;]<\/p>\n","protected":false},"author":1,"featured_media":0,"parent":0,"menu_order":0,"comment_status":"closed","ping_status":"closed","template":"","meta":{"content-type":"","inline_featured_image":false,"footnotes":""},"class_list":["post-2371","page","type-page","status-publish","hentry","grve-entry-item"],"_links":{"self":[{"href":"https:\/\/2022.fsl.swiss\/en\/wp-json\/wp\/v2\/pages\/2371","targetHints":{"allow":["GET"]}}],"collection":[{"href":"https:\/\/2022.fsl.swiss\/en\/wp-json\/wp\/v2\/pages"}],"about":[{"href":"https:\/\/2022.fsl.swiss\/en\/wp-json\/wp\/v2\/types\/page"}],"author":[{"embeddable":true,"href":"https:\/\/2022.fsl.swiss\/en\/wp-json\/wp\/v2\/users\/1"}],"replies":[{"embeddable":true,"href":"https:\/\/2022.fsl.swiss\/en\/wp-json\/wp\/v2\/comments?post=2371"}],"version-history":[{"count":4,"href":"https:\/\/2022.fsl.swiss\/en\/wp-json\/wp\/v2\/pages\/2371\/revisions"}],"predecessor-version":[{"id":2378,"href":"https:\/\/2022.fsl.swiss\/en\/wp-json\/wp\/v2\/pages\/2371\/revisions\/2378"}],"wp:attachment":[{"href":"https:\/\/2022.fsl.swiss\/en\/wp-json\/wp\/v2\/media?parent=2371"}],"curies":[{"name":"wp","href":"https:\/\/api.w.org\/{rel}","templated":true}]}}