{"id":2365,"date":"2022-08-31T09:35:19","date_gmt":"2022-08-31T07:35:19","guid":{"rendered":"http:\/\/2022.fsl.swiss\/die-musiker\/"},"modified":"2023-10-02T12:15:07","modified_gmt":"2023-10-02T10:15:07","slug":"die-musiker","status":"publish","type":"page","link":"https:\/\/2022.fsl.swiss\/en\/die-musiker\/","title":{"rendered":"Musicians"},"content":{"rendered":"<p>[vc_row height_ratio=&#8221;70&#8243; padding_top_multiplier=&#8221;&#8221; rc_bg_type=&#8221;image&#8221; rc_bg_image=&#8221;1259&#8243; rc_bg_image_type=&#8221;parallax&#8221; rc_bg_image_size=&#8221;responsive&#8221; rc_bg_image_scroll_effect=&#8221;opacity-scroll-effect&#8221; rc_bg_color=&#8221;#031e45&#8243; rc_font_color=&#8221;#ffffff&#8221;][vc_column vertical_content_position=&#8221;bottom&#8221; el_class=&#8221;slider-text&#8221;][vc_column_text]<\/p>\n<h1>Die Musiker<\/h1>\n<p>[\/vc_column_text][\/vc_column][\/vc_row][vc_row padding_top_multiplier=&#8221;&#8221; padding_bottom_multiplier=&#8221;&#8221; rc_bg_type=&#8221;color&#8221; rc_bg_color=&#8221;#031e45&#8243;][vc_column animation=&#8221;fade-in-up&#8221; grve_css=&#8221;{&#8220;desktop&#8220;:{&#8220;margin-right&#8220;:&#8220;-&#8220;,&#8220;margin-left&#8220;:&#8220;-&#8220;,&#8220;class&#8220;:&#8220;grve-wpb-1672655897990&#8220;}}&#8221;]<div class=\"grve-empty-space grve-height-1x\"><\/div>[\/vc_column][\/vc_row][vc_row padding_top_multiplier=&#8221;2x&#8221; rc_heading_color=&#8221;white&#8221;][vc_column grve_css=&#8221;{&#8220;desktop&#8220;:{&#8220;margin-right&#8220;:&#8220;5%&#8220;,&#8220;margin-left&#8220;:&#8220;5%&#8220;,&#8220;class&#8220;:&#8220;grve-wpb-1655112933082&#8220;}}&#8221;][vc_column_text]Lorem ipsum dolor sit amet, consectetur adipiscing elit. Donec sapien arcu, commodo id nisl id, tempus lobortis ante. Nulla et sapien felis. Morbi ac faucibus neque. Suspendisse potenti. Sed faucibus, urna vel fermentum ornare, sapien lorem rhoncus elit, ut fringilla tortor elit nec leo. Cras at nibh enim. Aenean vel purus elit. Vestibulum ante ipsum primis in faucibus orci luctus et ultrices posuere cubilia curae;<\/p>\n<p>Orci varius natoque penatibus et magnis dis parturient montes, nascetur ridiculus mus. Ut sit amet libero vitae nunc scelerisque tincidunt. Mauris a malesuada tortor. Phasellus eget efficitur massa, facilisis gravida augue. Class aptent taciti sociosqu ad litora torquent per conubia nostra, per inceptos himenaeos. Aliquam faucibus, dolor quis pellentesque pulvinar, urna mi luctus sem, eget bibendum mauris magna a sem. Quisque tristique justo sollicitudin nisl facilisis consectetur.[\/vc_column_text][\/vc_column][\/vc_row][vc_row][vc_column][vc_tta_tabs active_section=&#8221;1&#8243; tab_go_top=&#8221;yes&#8221;][vc_tta_section title=&#8221;Die Musiker&#8221; tab_id=&#8221;1656243465426-6d45325a-a8a41662632598941&#8243;][vc_row_inner padding_top_multiplier=&#8221;1x&#8221; padding_bottom_multiplier=&#8221;1x&#8221;][vc_column_inner][\/vc_column_inner][\/vc_row_inner][vc_row_inner padding_bottom_multiplier=&#8221;1x&#8221;][vc_column_inner width=&#8221;1\/3&#8243;][vc_column_text]<\/p>\n<h3>Violine I<\/h3>\n<p>[\/vc_column_text][vc_column_text]Daniel Dodds, 1. Konzertmeister &amp; K\u00fcnstlerischer Leiter[\/vc_column_text][vc_column_text]N. N.: 2. Konzertmeister[\/vc_column_text][vc_column_text]NN, 2. Konzertmeister[\/vc_column_text][vc_column_text]Thomas Schrott[\/vc_column_text][vc_column_text]Mia Lindblom[\/vc_column_text][vc_column_text]Regula Dodds[\/vc_column_text][vc_column_text]Yana Gottheil[\/vc_column_text][\/vc_column_inner][vc_column_inner width=&#8221;1\/3&#8243;][vc_column_text]<\/p>\n<h3>Violine II<\/h3>\n<p>[\/vc_column_text][vc_column_text]Erika Akane Schutter, Stimmf\u00fchrerin[\/vc_column_text][vc_column_text]N.N.: Stimmf\u00fchrer[\/vc_column_text][vc_column_text]Izabela Iwanowska[\/vc_column_text][vc_column_text]Reiko Koi[\/vc_column_text][vc_column_text]Eszter Major[\/vc_column_text][vc_column_text]Jonas Moosmann[\/vc_column_text][\/vc_column_inner][vc_column_inner width=&#8221;1\/3&#8243;][vc_column_text]<\/p>\n<h3>Viola<\/h3>\n<p>[\/vc_column_text][vc_column_text]Dominik Fischer.: Stimmf\u00fchrer[\/vc_column_text][vc_column_text]Sylvia Zucker.: Stimmf\u00fchrerin[\/vc_column_text][vc_column_text]Katrin Burger[\/vc_column_text][vc_column_text]Valentine Ruffieux[\/vc_column_text][vc_column_text]Marl\u00e8ne Z\u00fcsli-Spahr[\/vc_column_text][\/vc_column_inner][\/vc_row_inner][vc_row_inner padding_bottom_multiplier=&#8221;1x&#8221;][vc_column_inner width=&#8221;1\/3&#8243;][vc_column_text]<\/p>\n<h3>Violoncello<\/h3>\n<p>[\/vc_column_text][vc_column_text]Jonas Iten, Stimmf\u00fchrer[\/vc_column_text][vc_column_text]Alexander Kionke, Stimmf\u00fchrer[\/vc_column_text][vc_column_text]Regula Maurer[\/vc_column_text][vc_column_text]Anne-Christine Vandewalle Umiglia[\/vc_column_text][\/vc_column_inner][vc_column_inner width=&#8221;1\/3&#8243;][vc_column_text]<\/p>\n<h3>Kontrabass<\/h3>\n<p>[\/vc_column_text][vc_column_text]Stephan Werner[\/vc_column_text][\/vc_column_inner][vc_column_inner width=&#8221;1\/3&#8243;][vc_column_text]<\/p>\n<h3>Cembalo<\/h3>\n<p>[\/vc_column_text][vc_column_text]Vital Julian Frey[\/vc_column_text][\/vc_column_inner][\/vc_row_inner][\/vc_tta_section][vc_tta_section title=&#8221;The artistic director&#8221; tab_id=&#8221;1656243465533-dccf0606-7a861662632598941&#8243;][vc_row_inner padding_top_multiplier=&#8221;1x&#8221; padding_bottom_multiplier=&#8221;1x&#8221;][vc_column_inner][vc_column_text]<\/p>\n<h1>Daniel Dodds<\/h1>\n<h2>1. Konzertmeister &amp; K\u00fcnstlerischer Leiter<\/h2>\n<p>[\/vc_column_text][\/vc_column_inner][\/vc_row_inner][vc_row_inner padding_bottom_multiplier=&#8221;2x&#8221;][vc_column_inner]<div class=\"grve-element grve-image grve-align-left\">\r\n\t<div class=\"grve-image-item\">\r\n\t\t\n\n<div class=\"grve-image-wrapper grve-no-effect\">\n\t\t<div class=\"grve-thumbnail-wrapper\"  style=\"width: 768px;\"><div class=\"grve-thumbnail\"  style=\"padding-top: 66.667%;\"><img fetchpriority=\"high\" decoding=\"async\" width=\"768\" height=\"512\" src=\"https:\/\/2022.fsl.swiss\/wp-content\/uploads\/2023\/01\/FU_0147i-768x512.jpg\" class=\"attachment-medium_large size-medium_large grve-lazy-load lazyload\" alt=\"\" data-column-space=\"auto\" data-lazyload=\"lazyload\" data-grve-filter=\"yes\" srcset=\"https:\/\/2022.fsl.swiss\/wp-content\/themes\/FSL-2022\/images\/empty\/empty.png\" data-src=\"https:\/\/2022.fsl.swiss\/wp-content\/uploads\/2023\/01\/FU_0147i-768x512.jpg\" data-sizes=\"auto\" data-srcset=\"https:\/\/2022.fsl.swiss\/wp-content\/uploads\/2023\/01\/FU_0147i-768x512.jpg 768w, https:\/\/2022.fsl.swiss\/wp-content\/uploads\/2023\/01\/FU_0147i-600x400.jpg 600w, https:\/\/2022.fsl.swiss\/wp-content\/uploads\/2023\/01\/FU_0147i-300x200.jpg 300w, https:\/\/2022.fsl.swiss\/wp-content\/uploads\/2023\/01\/FU_0147i-1024x683.jpg 1024w, https:\/\/2022.fsl.swiss\/wp-content\/uploads\/2023\/01\/FU_0147i-1536x1024.jpg 1536w, https:\/\/2022.fsl.swiss\/wp-content\/uploads\/2023\/01\/FU_0147i.jpg 1920w\" data-expand=\"1\" \/><\/div><\/div>\t<\/div>\n\t<\/div>\r\n<\/div>\r\n[\/vc_column_inner][\/vc_row_inner][vc_row_inner padding_top_multiplier=&#8221;1x&#8221; padding_bottom_multiplier=&#8221;2x&#8221;][vc_column_inner][vc_column_text]Daniel Dodds is an inspiring musical force. Sein Enthusiasmus und seine fesselnde Energie auf der B\u00fchne entlocken Mitmusikern und dem Publikum \u00abjoie de vivre\u00bb.<\/p>\n<p>Concerts have taken Daniel Dodds to major venues on every inhabited continent &#8211; as artistic director of the Festival Strings Lucerne, as soloist with conductors such as Zubin Mehta, Vladimir Ashkenazy, Oksana Lyniv, Alexander Briger and Stanley Dodds, and as a chamber musician, documented in numerous live radio and TV recordings. The Hamburg Symphony Orchestra, the Orchestra della Svizzera italiana, the Melbourne Symphony Orchestra, the Brisbane Symphony Orchestra, the Lucerne Symphony Orchestra, the Sophia Philharmonic Orchestra, the Australian World Orchestra and the Festival Strings Lucerne are among the orchestras with which Daniel Dodds has worked as a soloist.<\/p>\n<p>With his highly acclaimed solo CD &#8220;Time Transcending&#8221;, released by Oehms Classics, Daniel Dodds shows that he knows no limits on his instrument.<\/p>\n<p>As artistic director of the Festival Strings, Daniel Dodds combines the warm expressive sound of the Festival Strings &#8211; the hallmark of the Viennese sound tradition of its founders Rudolf Baumgartner and Wolfgang Schneiderhan &#8211; together with a nuanced honed sense of style and musical timing to produce music that captivates with its richness of colour and drama.<\/p>\n<p>This is confirmed by the press:<\/p>\n<p><em>\u00abWie selbstverst\u00e4ndlich begannen die f\u00fcnf S\u00e4tze aus ihrem Inneren heraus zu leuchten. Barocke Rationalit\u00e4t und romantische Emotionalit\u00e4t erg\u00e4nzten einander gl\u00fccklich&#8230;\u00bb<\/em><em><br \/>\nFrankfurter Neue Presse<\/em><\/p>\n<p>\u00abWas Daniel Dodds bei Dvor\u00e0k vom ersten Pult aus leistete, war schlicht grossartig und fand in der Summe dieses St\u00fccks an melodischer Intensit\u00e4t, sinnlichem Timbre und musikantische Vitalit\u00e4t eine beispielhafte Wiedergabe\u00bb<br \/>\nNeue Luzerner Zeitung<\/p>\n<p>Daniel Dodds has added exciting performances of works by Beethoven, Mendelssohn, Saint-Sa\u00ebns, Tchaikovsky, Sibelius, Milhaud, Vasks and Gubaidulina to the Festival Strings repertoire, as well as commissioned works by Swiss composers such as Luigi Laveglia and Stephan Hodel. Enthusiastic reactions from listeners all over the world have led to Daniel Dodds and the Festival Strings Lucerne becoming the first Swiss orchestra to be invited to the Elbphilharmonie in Hamburg, inaugurating the Giovanni Arvedi Auditorium in Cremona and regularly performing at major festivals such as the Lucerne Festival, Schleswig Holstein Festival, Rheingau Music Festival, Musica Insieme Bologna and Hong Kong Music Festival.<\/p>\n<p>Daniel Dodds appears regularly as concertmaster of the Australian World Orchestra in collaboration with acclaimed conductors such as Zubin Mehta, Riccardo Muti, Sir Simon Rattle and Simone Young. Engagements as guest concertmaster include concerts with Camerata Salzburg and Mahler Chamber Orchestra.<\/p>\n<p>A passionate accompanist and advisor to young musicians and violinists, Daniel Dodds teaches a violin class at the Lucerne School of Music. He also meets and mentors young musicians on tours abroad and each summer during the Festival Strings Lucerne talent week.<\/p>\n<p>Born in Australia to Australian Chinese parents, Daniel Dodds started playing the violin at the age of 5 with Alita Larsens. Er vervollst\u00e4ndigte sein Geigenstudium bei Gunars Larsens in Luzern, Schweiz, sowie bei Keiko Wataya in Utrecht, Holland, und erhielt weitere Inspirationen von Pers\u00f6nlichkeiten wie Rudolf Baumgartner, Franco Gulli und Nathan Milstein, welcher beim Anh\u00f6ren von Daniel Dodds Darbietung einer Paganini Caprice bemerkte: \u00abWer ist dieser Geiger, er k\u00f6nnte wahrlich Paganinis Enkel sein!\u00bb<br \/>\nDaniel Dodds spielt die Stradivarius \u00abEx H\u00e4mmerle ex Baumgarnter\u00bb von 1717, die ihm von der Stiftung Festival Strings Lucerne zur Verf\u00fcgung gestellt wird.[\/vc_column_text][\/vc_column_inner][\/vc_row_inner][\/vc_tta_section][vc_tta_section title=&#8221;Die Solisten&#8221; tab_id=&#8221;1675345231501-5ec8f2a9-aa38&#8243;][vc_column_text]I am text block. Click edit button to change this text. Lorem ipsum dolor sit amet, consectetur adipiscing elit. Ut elit tellus, luctus nec ullamcorper mattis, pulvinar dapibus leo.[\/vc_column_text][\/vc_tta_section][vc_tta_section title=&#8221;Zuz\u00fcger und Bl\u00e4ser&#8221; tab_id=&#8221;1656243513054-a821cac4-724a1662632598941&#8243;][vc_row_inner padding_top_multiplier=&#8221;1x&#8221; padding_bottom_multiplier=&#8221;1x&#8221;][vc_column_inner][vc_column_text]Lorem ipsum dolor sit amet, consectetur adipiscing elit. Cras eu ante arcu. Aenean nec velit nec justo tempus iaculis ac id nisi. Vivamus interdum molestie diam, vel lobortis arcu rhoncus vel. Sed et blandit elit, in vestibulum lacus. Nullam enim nisi, mollis vitae mattis ut, malesuada egestas tellus. Etiam convallis dolor vel mauris pharetra consequat. Aliquam id dignissim ex. Morbi quis placerat elit. Mauris in ipsum nunc. Sed lacinia rhoncus libero a commodo. Donec commodo turpis non libero feugiat scelerisque. Aenean interdum pellentesque imperdiet. Aliquam venenatis eget nisl nec porta. Aenean porttitor tristique vulputate. Aliquam eleifend eleifend sem, ut euismod tellus eleifend eget.<\/p>\n<p>Proin tincidunt et nunc mattis bibendum. Class aptent taciti sociosqu ad litora torquent per conubia nostra, per inceptos himenaeos. Sed id aliquam elit. Etiam sollicitudin tristique sem. Aenean volutpat sem eros. Praesent scelerisque tellus urna, non efficitur risus molestie sed. Pellentesque habitant morbi tristique senectus et netus et malesuada fames ac turpis egestas. Pellentesque sit amet rhoncus nisi, vitae suscipit tellus. Interdum et malesuada fames ac ante ipsum primis in faucibus. Aliquam ullamcorper, purus et condimentum sagittis, dolor ipsum fringilla dolor, a gravida lorem nunc dictum nulla. Cras consequat consectetur ante at blandit.[\/vc_column_text][\/vc_column_inner][\/vc_row_inner][\/vc_tta_section][\/vc_tta_tabs][\/vc_column][\/vc_row]<\/p>\n","protected":false},"excerpt":{"rendered":"<p>[vc_row height_ratio=&#8221;70&#8243; padding_top_multiplier=&#8221;&#8221; rc_bg_type=&#8221;image&#8221; rc_bg_image=&#8221;1259&#8243; rc_bg_image_type=&#8221;parallax&#8221; rc_bg_image_size=&#8221;responsive&#8221; rc_bg_image_scroll_effect=&#8221;opacity-scroll-effect&#8221; rc_bg_color=&#8221;#031e45&#8243; rc_font_color=&#8221;#ffffff&#8221;][vc_column vertical_content_position=&#8221;bottom&#8221; el_class=&#8221;slider-text&#8221;][vc_column_text] Die Musiker [\/vc_column_text][\/vc_column][\/vc_row][vc_row padding_top_multiplier=&#8221;&#8221; padding_bottom_multiplier=&#8221;&#8221; rc_bg_type=&#8221;color&#8221; rc_bg_color=&#8221;#031e45&#8243;][vc_column animation=&#8221;fade-in-up&#8221; grve_css=&#8221;{&#8220;desktop&#8220;:{&#8220;margin-right&#8220;:&#8220;-&#8220;,&#8220;margin-left&#8220;:&#8220;-&#8220;,&#8220;class&#8220;:&#8220;grve-wpb-1672655897990&#8220;}}&#8221;][\/vc_column][\/vc_row][vc_row padding_top_multiplier=&#8221;2x&#8221; rc_heading_color=&#8221;white&#8221;][vc_column grve_css=&#8221;{&#8220;desktop&#8220;:{&#8220;margin-right&#8220;:&#8220;5%&#8220;,&#8220;margin-left&#8220;:&#8220;5%&#8220;,&#8220;class&#8220;:&#8220;grve-wpb-1655112933082&#8220;}}&#8221;][vc_column_text]Lorem ipsum dolor sit amet, consectetur adipiscing [&hellip;]<\/p>\n","protected":false},"author":1,"featured_media":0,"parent":0,"menu_order":0,"comment_status":"closed","ping_status":"closed","template":"","meta":{"content-type":"","inline_featured_image":false,"footnotes":""},"class_list":["post-2365","page","type-page","status-publish","hentry","grve-entry-item"],"_links":{"self":[{"href":"https:\/\/2022.fsl.swiss\/en\/wp-json\/wp\/v2\/pages\/2365","targetHints":{"allow":["GET"]}}],"collection":[{"href":"https:\/\/2022.fsl.swiss\/en\/wp-json\/wp\/v2\/pages"}],"about":[{"href":"https:\/\/2022.fsl.swiss\/en\/wp-json\/wp\/v2\/types\/page"}],"author":[{"embeddable":true,"href":"https:\/\/2022.fsl.swiss\/en\/wp-json\/wp\/v2\/users\/1"}],"replies":[{"embeddable":true,"href":"https:\/\/2022.fsl.swiss\/en\/wp-json\/wp\/v2\/comments?post=2365"}],"version-history":[{"count":4,"href":"https:\/\/2022.fsl.swiss\/en\/wp-json\/wp\/v2\/pages\/2365\/revisions"}],"predecessor-version":[{"id":2369,"href":"https:\/\/2022.fsl.swiss\/en\/wp-json\/wp\/v2\/pages\/2365\/revisions\/2369"}],"wp:attachment":[{"href":"https:\/\/2022.fsl.swiss\/en\/wp-json\/wp\/v2\/media?parent=2365"}],"curies":[{"name":"wp","href":"https:\/\/api.w.org\/{rel}","templated":true}]}}