{"id":1695,"date":"2022-08-31T10:08:22","date_gmt":"2022-08-31T08:08:22","guid":{"rendered":"http:\/\/2022.fsl.swiss\/der-stiftungsrat\/"},"modified":"2023-12-21T17:20:38","modified_gmt":"2023-12-21T16:20:38","slug":"der-stiftungsrat","status":"publish","type":"page","link":"https:\/\/2022.fsl.swiss\/en\/der-stiftungsrat\/","title":{"rendered":"Der Stiftungsrat"},"content":{"rendered":"<p>[vc_row height_ratio=&#8221;70&#8243; padding_top_multiplier=&#8221;&#8221; rc_bg_type=&#8221;image&#8221; rc_bg_image=&#8221;1854&#8243; rc_bg_image_type=&#8221;parallax&#8221; rc_bg_image_size=&#8221;responsive&#8221; rc_bg_parallax_threshold=&#8221;0.5&#8243; rc_bg_color_overlay=&#8221;gradient&#8221; rc_bg_gradient_overlay_custom_1=&#8221;rgba(3,30,69,0.42)&#8221; rc_bg_gradient_overlay_custom_2=&#8221;rgba(3,30,69,0.01)&#8221; rc_bg_gradient_overlay_direction=&#8221;180&#8243; rc_bg_image_scroll_effect=&#8221;opacity-scroll-effect&#8221; rc_bg_color=&#8221;#031e45&#8243; rc_font_color=&#8221;#ffffff&#8221;][vc_column vertical_content_position=&#8221;bottom&#8221; el_class=&#8221;slider-text&#8221;][vc_column_text]<\/p>\n<h1>Der Stiftungsrat<\/h1>\n<p>[\/vc_column_text][\/vc_column][\/vc_row][vc_row padding_top_multiplier=&#8221;&#8221; padding_bottom_multiplier=&#8221;&#8221; rc_bg_type=&#8221;color&#8221; rc_bg_color=&#8221;#031e45&#8243;][vc_column animation=&#8221;fade-in-up&#8221; grve_css=&#8221;{&#8220;desktop&#8220;:{&#8220;margin-right&#8220;:&#8220;-&#8220;,&#8220;margin-left&#8220;:&#8220;-&#8220;,&#8220;class&#8220;:&#8220;grve-wpb-1672655897990&#8220;}}&#8221;]<div class=\"grve-empty-space grve-height-1x\"><\/div>[\/vc_column][\/vc_row][vc_row rc_heading_color=&#8221;white&#8221;][vc_column][vc_column_text]Das Ensemble \u00abFestival Strings Lucerne\u00bb wurde mit einem Konzert im Rahmen des Lucerne Festival 1956 begr\u00fcndet und war bis 1986 eine Privatunternehmung des Mitgr\u00fcnders Rudolf Baumgartner, Z\u00fcrich, bei der 1960 die Stadt Luzern das offizielle Patronat \u00fcbernahm. Als institutioneller Tr\u00e4ger wurde am 26. Juni 1986 die \u00abStiftung Festival Strings Lucerne\u00bb ins Leben gerufen. Stiftungsgrundkapital war die Schenkung von Rudolf Baumgartner dreier italienischer Meistergeigen, einer Antonio Stradivari (1717), einer Nicol\u00f2 Amati (1675) und einer Andrea Guarneri (1680). Sp\u00e4ter kam als weitere Zustiftung noch eine Gagliano-Violine hinzu. Die finanzielle Absicherung \u00fcbernahmen der Kanton und die Stadt Luzern parit\u00e4tisch. Im Protokoll der Beschluss-Sitzung des Regierungsrates des Kantons Luzern vom 6. Mai 1986 (Protokoll Nr. 1056), heisst es: \u00abDer Kanton Luzern ist in h\u00f6chstem Masse daran interessiert, dass die FESTIVAL STRINGS LUCERNE als ein Kammerorchester von Weltrang fortbestehen. Neben der k\u00fcnstlerischen Bedeutung stellt dieses Elite-Ensemble in einer willkommenen Nebenwirkung einen exzellenten, weltweit wirkenden Werbetr\u00e4ger dar.\u00bb<\/p>\n<p><strong>Mitglieder des Stiftungsrats:<\/strong><br \/>\n\u2022 Dr. Patrick Troller, Pr\u00e4sident, Luzern<br \/>\n\u2022 Karin Maria Krauer (f\u00fcr die Stifter-Familie), Affoltern am Albis<br \/>\n\u2022 Michaela Happel, Meggen<br \/>\n\u2022 Patrick Hauser, Adligenswil<br \/>\n\u2022 Michael Kaufmann, Luzern<br \/>\n\u2022 Dr. Ulrich Niederer, Luzern<br \/>\n\u2022 Urs W. Studer, Luzern[\/vc_column_text][\/vc_column][\/vc_row]<\/p>\n","protected":false},"excerpt":{"rendered":"<p>[vc_row height_ratio=&#8221;70&#8243; padding_top_multiplier=&#8221;&#8221; rc_bg_type=&#8221;image&#8221; rc_bg_image=&#8221;1854&#8243; rc_bg_image_type=&#8221;parallax&#8221; rc_bg_image_size=&#8221;responsive&#8221; rc_bg_parallax_threshold=&#8221;0.5&#8243; rc_bg_color_overlay=&#8221;gradient&#8221; rc_bg_gradient_overlay_custom_1=&#8221;rgba(3,30,69,0.42)&#8221; rc_bg_gradient_overlay_custom_2=&#8221;rgba(3,30,69,0.01)&#8221; rc_bg_gradient_overlay_direction=&#8221;180&#8243; rc_bg_image_scroll_effect=&#8221;opacity-scroll-effect&#8221; rc_bg_color=&#8221;#031e45&#8243; rc_font_color=&#8221;#ffffff&#8221;][vc_column vertical_content_position=&#8221;bottom&#8221; el_class=&#8221;slider-text&#8221;][vc_column_text] Der Stiftungsrat [\/vc_column_text][\/vc_column][\/vc_row][vc_row padding_top_multiplier=&#8221;&#8221; padding_bottom_multiplier=&#8221;&#8221; rc_bg_type=&#8221;color&#8221; rc_bg_color=&#8221;#031e45&#8243;][vc_column animation=&#8221;fade-in-up&#8221; grve_css=&#8221;{&#8220;desktop&#8220;:{&#8220;margin-right&#8220;:&#8220;-&#8220;,&#8220;margin-left&#8220;:&#8220;-&#8220;,&#8220;class&#8220;:&#8220;grve-wpb-1672655897990&#8220;}}&#8221;][\/vc_column][\/vc_row][vc_row rc_heading_color=&#8221;white&#8221;][vc_column][vc_column_text]Das Ensemble \u00abFestival Strings [&hellip;]<\/p>\n","protected":false},"author":1,"featured_media":0,"parent":0,"menu_order":0,"comment_status":"closed","ping_status":"closed","template":"","meta":{"content-type":"","inline_featured_image":false,"footnotes":""},"class_list":["post-1695","page","type-page","status-publish","hentry","grve-entry-item"],"_links":{"self":[{"href":"https:\/\/2022.fsl.swiss\/en\/wp-json\/wp\/v2\/pages\/1695","targetHints":{"allow":["GET"]}}],"collection":[{"href":"https:\/\/2022.fsl.swiss\/en\/wp-json\/wp\/v2\/pages"}],"about":[{"href":"https:\/\/2022.fsl.swiss\/en\/wp-json\/wp\/v2\/types\/page"}],"author":[{"embeddable":true,"href":"https:\/\/2022.fsl.swiss\/en\/wp-json\/wp\/v2\/users\/1"}],"replies":[{"embeddable":true,"href":"https:\/\/2022.fsl.swiss\/en\/wp-json\/wp\/v2\/comments?post=1695"}],"version-history":[{"count":7,"href":"https:\/\/2022.fsl.swiss\/en\/wp-json\/wp\/v2\/pages\/1695\/revisions"}],"predecessor-version":[{"id":2495,"href":"https:\/\/2022.fsl.swiss\/en\/wp-json\/wp\/v2\/pages\/1695\/revisions\/2495"}],"wp:attachment":[{"href":"https:\/\/2022.fsl.swiss\/en\/wp-json\/wp\/v2\/media?parent=1695"}],"curies":[{"name":"wp","href":"https:\/\/api.w.org\/{rel}","templated":true}]}}