{"id":1663,"date":"2022-06-26T12:54:22","date_gmt":"2022-06-26T10:54:22","guid":{"rendered":"http:\/\/2022.fsl.swiss\/das-orchester\/"},"modified":"2023-12-21T17:18:21","modified_gmt":"2023-12-21T16:18:21","slug":"das-orchester","status":"publish","type":"page","link":"https:\/\/2022.fsl.swiss\/en\/das-orchester\/","title":{"rendered":"Orchester"},"content":{"rendered":"<p>[vc_row height_ratio=&#8221;70&#8243; padding_top_multiplier=&#8221;&#8221; rc_bg_type=&#8221;image&#8221; rc_bg_image=&#8221;1262&#8243; rc_bg_image_type=&#8221;parallax&#8221; rc_bg_image_size=&#8221;responsive&#8221; rc_bg_parallax_threshold=&#8221;0.5&#8243; rc_bg_color_overlay=&#8221;gradient&#8221; rc_bg_gradient_overlay_custom_1=&#8221;rgba(3,30,69,0.42)&#8221; rc_bg_gradient_overlay_custom_2=&#8221;rgba(3,30,69,0.01)&#8221; rc_bg_gradient_overlay_direction=&#8221;180&#8243; rc_bg_image_scroll_effect=&#8221;opacity-scroll-effect&#8221; rc_bg_color=&#8221;#031e45&#8243; rc_font_color=&#8221;#ffffff&#8221;][vc_column vertical_content_position=&#8221;bottom&#8221; el_class=&#8221;slider-text&#8221;][vc_column_text]<\/p>\n<h1>Das Orchester<\/h1>\n<p>[\/vc_column_text][\/vc_column][\/vc_row][vc_row padding_top_multiplier=&#8221;&#8221; padding_bottom_multiplier=&#8221;&#8221; rc_bg_type=&#8221;color&#8221; rc_bg_color=&#8221;#031e45&#8243;][vc_column animation=&#8221;fade-in-up&#8221; grve_css=&#8221;{&#8220;desktop&#8220;:{&#8220;margin-right&#8220;:&#8220;-&#8220;,&#8220;margin-left&#8220;:&#8220;-&#8220;,&#8220;class&#8220;:&#8220;grve-wpb-1672655897990&#8220;}}&#8221;]<div class=\"grve-empty-space grve-height-1x\"><\/div>[\/vc_column][\/vc_row][vc_row rc_heading_color=&#8221;white&#8221;][vc_column animation_delay=&#8221;10&#8243;][vc_column_text]Lorem ipsum dolor sit amet, consectetur adipiscing elit. Donec sapien arcu, commodo id nisl id, tempus lobortis ante. Nulla et sapien felis. Morbi ac faucibus neque. Suspendisse potenti. Sed faucibus, urna vel fermentum ornare, sapien lorem rhoncus elit, ut fringilla tortor elit nec leo. Cras at nibh enim. Aenean vel purus elit. Vestibulum ante ipsum primis in faucibus orci luctus et ultrices posuere cubilia curae;<\/p>\n<p>Orci varius natoque penatibus et magnis dis parturient montes, nascetur ridiculus mus. Ut sit amet libero vitae nunc scelerisque tincidunt. Mauris a malesuada tortor. Phasellus eget efficitur massa, facilisis gravida augue. Class aptent taciti sociosqu ad litora torquent per conubia nostra, per inceptos himenaeos. Aliquam faucibus, dolor quis pellentesque pulvinar, urna mi luctus sem, eget bibendum mauris magna a sem. Quisque tristique justo sollicitudin nisl facilisis consectetur.[\/vc_column_text][\/vc_column][\/vc_row][vc_row][vc_column][vc_tta_tabs active_section=&#8221;1&#8243; tab_go_top=&#8221;yes&#8221;][vc_tta_section title=&#8221;Die Festival Strings Lucerne&#8221; tab_id=&#8221;1656243465426-6d45325a-a8a416626325989411672664127166&#8243;][vc_row_inner padding_top_multiplier=&#8221;1x&#8221; padding_bottom_multiplier=&#8221;1x&#8221;][vc_column_inner][vc_column_text]Die Festival Strings Lucerne \u00fcben seit der Gr\u00fcndung 1956 eine rege weltweite Tourneet\u00e4tigkeit aus. Sie deb\u00fctierten 1957 bei den Salzburger Festspielen, 1959 in New York, 1971 in Tokio, 1977 in Sydney und 1978 in Hongkong. In Europa trifft man das Orchester regelm\u00e4ssig in f\u00fchrenden Konzerth\u00e4usern an wie dem Wiener Musikverein und Konzerthaus, der Philharmonie und dem Konzerthaus Berlin, der Elbphilharmonie Hamburg und im Concertgebouw Amsterdam, in Luzern in einer eigenen Konzertreihe im KKL Luzern und allj\u00e4hrlich als Gast von Lucerne Festival.<\/p>\n<p>Pr\u00e4gend ist seit jeher die Zusammenarbeit mit herausragenden musikalischen Partnern, sowohl arrivierten wie H\u00e9l\u00e8ne Grimaud, Khatia Buniatishvili oder Daniil Trifonov und der jungen Generation wie Kian Soltani, Raphaela Gromes, Jan Lisiecki und Bomsori. Mit Rudolf Buchbinder und Midori verbindet die Festival Strings Lucerne eine besonders enge Partnerschaft.<\/p>\n<p>Das Repertoire reicht vom Barock bis zur Gegenwart; mittels Neubearbeitungen und der Urauff\u00fchrung von mehr als hundert Werken von Komponisten wie Jean Fran\u00e7aix, Frank Martin, Bohuslav Martin\u016f, S\u00e1ndor Veress, Iannis Xenakis oder Krzystof Penderecki leistet das Orchester einen substanziellen Beitrag zur Erweiterung des Streich- und Kammerorchesterrepertoires.<\/p>\n<p>Gegr\u00fcndet wurden die Festival Strings Lucerne von Wolfgang Schneiderhan und Rudolf Baumgartner als Streicherensemble mit Cembalo und mit fr\u00fchen Mitgliedern wie Gerhart Hetzel als Vertreter der \u00d6sterreichisch-Ungarischen Streichertradition. Seit 2012 ist der von seinem Vorg\u00e4nger Gunars Larsens ausgebildete Geiger Daniel Dodds k\u00fcnstlerischer Leiter. Mit ihm als Leiter vom Konzertmeisterpult tritt das Orchester vermehrt auch mit sinfonischem Repertoire in erweiterten Besetzungen auf.<\/p>\n<p>Die Festival Strings Lucerne weisen eine reiche Diskographie vor, dokumentiert bereits seit den fr\u00fchen Jahren mit Clara Haskils Mozart-Aufnahme, Pierre Fourniers Haydn-Konzerten und den Bach-Konzerte mit Zino Francescatti bei der Deutschen Grammophon, sp\u00e4ter dann bei Decca, Eurodisc und Denon. Zuletzt legten die Festival Strings Lucerne ein exemplarisches Beethoven-Album mit Midori (2020 bei Warner) auf, eine Mozart\/Righini-Einspielung bei Sony Classical 2022 und einen aktuellen Bestseller, das Doppelalbum FEMMES mit Raphaela Gromes, ebenfalls bei Sony Classical, das sogar die deutschen Klassik-Charts beherrscht hatte. In Planung ist eine weitere Aufnahme bei Midori, mit der das Orchester im Herbst 2023 auf eine gr\u00f6ssere US-Tournee gehen wird.[\/vc_column_text][\/vc_column_inner][\/vc_row_inner][vc_row_inner padding_top_multiplier=&#8221;1x&#8221; padding_bottom_multiplier=&#8221;1x&#8221;][vc_column_inner width=&#8221;1\/4&#8243;]<div class=\"grve-element grve-image grve-align-center\">\r\n\t<div class=\"grve-image-item\">\r\n\t\t\n\n<div class=\"grve-image-wrapper grve-no-effect\">\n\t\t<a href=\"http:\/\/2022.fsl.swiss\/die-musiker\/\" title=\"Die Musiker\">\t\t<div class=\"grve-thumbnail-wrapper\"  style=\"width: 560px;\"><div class=\"grve-thumbnail\"  style=\"padding-top: 100%;\"><img fetchpriority=\"high\" decoding=\"async\" width=\"560\" height=\"560\" src=\"https:\/\/2022.fsl.swiss\/wp-content\/uploads\/2023\/01\/FU_0147b-560x560.jpg\" class=\"attachment-impeka-grve-small-square size-impeka-grve-small-square\" alt=\"\" data-column-space=\"auto\" data-lazyload=\"\" data-grve-filter=\"yes\" srcset=\"https:\/\/2022.fsl.swiss\/wp-content\/uploads\/2023\/01\/FU_0147b-560x560.jpg 560w, https:\/\/2022.fsl.swiss\/wp-content\/uploads\/2023\/01\/FU_0147b-300x300.jpg 300w, https:\/\/2022.fsl.swiss\/wp-content\/uploads\/2023\/01\/FU_0147b-100x100.jpg 100w, https:\/\/2022.fsl.swiss\/wp-content\/uploads\/2023\/01\/FU_0147b-150x150.jpg 150w, https:\/\/2022.fsl.swiss\/wp-content\/uploads\/2023\/01\/FU_0147b-900x900.jpg 900w\" sizes=\"(max-width: 560px) 100vw, 560px\" \/><\/div><\/div>\t<\/a><\/div>\n\t<\/div>\r\n<\/div>\r\n[vc_column_text css=&#8221;.vc_custom_1662634775257{margin-top: 20px !important;}&#8221;]<\/p>\n<h2>Die Musiker<\/h2>\n<p>[\/vc_column_text][\/vc_column_inner][vc_column_inner width=&#8221;1\/4&#8243;]<div class=\"grve-element grve-image grve-align-center\">\r\n\t<div class=\"grve-image-item\">\r\n\t\t\n\n<div class=\"grve-image-wrapper grve-no-effect\">\n\t\t<a href=\"http:\/\/2022.fsl.swiss\/das-management\/\" title=\"Die Musiker\">\t\t<div class=\"grve-thumbnail-wrapper\"  style=\"width: 560px;\"><div class=\"grve-thumbnail\"  style=\"padding-top: 100%;\"><img decoding=\"async\" width=\"560\" height=\"560\" src=\"https:\/\/2022.fsl.swiss\/wp-content\/uploads\/2022\/08\/presseberichte-thumb-560x560.jpg\" class=\"attachment-impeka-grve-small-square size-impeka-grve-small-square\" alt=\"\" data-column-space=\"auto\" data-lazyload=\"\" data-grve-filter=\"yes\" srcset=\"https:\/\/2022.fsl.swiss\/wp-content\/uploads\/2022\/08\/presseberichte-thumb-560x560.jpg 560w, https:\/\/2022.fsl.swiss\/wp-content\/uploads\/2022\/08\/presseberichte-thumb-300x300.jpg 300w, https:\/\/2022.fsl.swiss\/wp-content\/uploads\/2022\/08\/presseberichte-thumb-100x100.jpg 100w, https:\/\/2022.fsl.swiss\/wp-content\/uploads\/2022\/08\/presseberichte-thumb-600x600.jpg 600w, https:\/\/2022.fsl.swiss\/wp-content\/uploads\/2022\/08\/presseberichte-thumb-150x150.jpg 150w, https:\/\/2022.fsl.swiss\/wp-content\/uploads\/2022\/08\/presseberichte-thumb-768x768.jpg 768w, https:\/\/2022.fsl.swiss\/wp-content\/uploads\/2022\/08\/presseberichte-thumb.jpg 800w\" sizes=\"(max-width: 560px) 100vw, 560px\" \/><\/div><\/div>\t<\/a><\/div>\n\t<\/div>\r\n<\/div>\r\n[vc_column_text css=&#8221;.vc_custom_1662634842357{margin-top: 20px !important;}&#8221;]<\/p>\n<h2>Das Management<\/h2>\n<p>[\/vc_column_text][\/vc_column_inner][vc_column_inner width=&#8221;1\/4&#8243;]<div class=\"grve-element grve-image grve-align-center\">\r\n\t<div class=\"grve-image-item\">\r\n\t\t\n\n<div class=\"grve-image-wrapper grve-no-effect\">\n\t\t<a href=\"http:\/\/2022.fsl.swiss\/die-musiker\/\" title=\"Die Musiker\">\t\t<div class=\"grve-thumbnail-wrapper\"  style=\"width: 560px;\"><div class=\"grve-thumbnail\"  style=\"padding-top: 100%;\"><img decoding=\"async\" width=\"560\" height=\"560\" src=\"https:\/\/2022.fsl.swiss\/wp-content\/uploads\/2022\/08\/presseberichte-thumb-560x560.jpg\" class=\"attachment-impeka-grve-small-square size-impeka-grve-small-square\" alt=\"\" data-column-space=\"auto\" data-lazyload=\"\" data-grve-filter=\"yes\" srcset=\"https:\/\/2022.fsl.swiss\/wp-content\/uploads\/2022\/08\/presseberichte-thumb-560x560.jpg 560w, https:\/\/2022.fsl.swiss\/wp-content\/uploads\/2022\/08\/presseberichte-thumb-300x300.jpg 300w, https:\/\/2022.fsl.swiss\/wp-content\/uploads\/2022\/08\/presseberichte-thumb-100x100.jpg 100w, https:\/\/2022.fsl.swiss\/wp-content\/uploads\/2022\/08\/presseberichte-thumb-600x600.jpg 600w, https:\/\/2022.fsl.swiss\/wp-content\/uploads\/2022\/08\/presseberichte-thumb-150x150.jpg 150w, https:\/\/2022.fsl.swiss\/wp-content\/uploads\/2022\/08\/presseberichte-thumb-768x768.jpg 768w, https:\/\/2022.fsl.swiss\/wp-content\/uploads\/2022\/08\/presseberichte-thumb.jpg 800w\" sizes=\"(max-width: 560px) 100vw, 560px\" \/><\/div><\/div>\t<\/a><\/div>\n\t<\/div>\r\n<\/div>\r\n[vc_column_text css=&#8221;.vc_custom_1672664283648{margin-top: 20px !important;}&#8221;]<\/p>\n<h2>Zuz\u00fcger und Bl\u00e4ser<\/h2>\n<p>[\/vc_column_text][\/vc_column_inner][vc_column_inner width=&#8221;1\/4&#8243;][\/vc_column_inner][\/vc_row_inner][\/vc_tta_section][vc_tta_section title=&#8221;Die Chamber Players&#8221; tab_id=&#8221;1656243465533-dccf0606-7a8616626325989411672664127166&#8243;][vc_row_inner padding_top_multiplier=&#8221;1x&#8221; padding_bottom_multiplier=&#8221;1x&#8221;][vc_column_inner][vc_column_text]<img decoding=\"async\" class=\" wp-image-2095 alignleft\" src=\"http:\/\/2022.fsl.swiss\/wp-content\/uploads\/2023\/06\/08_FU_5847-NR-1024x683.jpg\" alt=\"Die FSL Chamber Players im Zeugheersaal, 2023 \u00a9Fabrice Umiglia\" width=\"840\" height=\"560\" srcset=\"https:\/\/2022.fsl.swiss\/wp-content\/uploads\/2023\/06\/08_FU_5847-NR-1024x683.jpg 1024w, https:\/\/2022.fsl.swiss\/wp-content\/uploads\/2023\/06\/08_FU_5847-NR-600x400.jpg 600w, https:\/\/2022.fsl.swiss\/wp-content\/uploads\/2023\/06\/08_FU_5847-NR-300x200.jpg 300w, https:\/\/2022.fsl.swiss\/wp-content\/uploads\/2023\/06\/08_FU_5847-NR-768x512.jpg 768w, https:\/\/2022.fsl.swiss\/wp-content\/uploads\/2023\/06\/08_FU_5847-NR-1536x1024.jpg 1536w, https:\/\/2022.fsl.swiss\/wp-content\/uploads\/2023\/06\/08_FU_5847-NR-1920x1280.jpg 1920w\" sizes=\"(max-width: 840px) 100vw, 840px\" \/>Die Festival Strings Lucerne Chamber Players sind die Kammerformation des Orchesters. Einladungen f\u00fchrten sie zuletzt zu renommierten Festivals wie beispielsweise in Italien zum Varignana Music Festival nahe Bologna oder nach Pisa zum \u2013 unter der Leitung Daniel Hardings stehenden \u2013 Festival Anima Mundi sowie nach Deutschland zum Mozartfest W\u00fcrzburg.<\/p>\n<p>Seit der Saison 2020|2021 pr\u00e4sentieren sich die Festival Strings Lucerne Chamber Players mit einer eigenen Konzertreihe im Luzerner Zeugheersaal des Hotel Schweizerhof Luzern. Das Hotel hat Musikgeschichte geschrieben: Richard Wagner beendete hier 1859 w\u00e4hrend eines mehrmonatigen Aufenthalts seinen \u00ab Tristan \u00bb.<\/p>\n<p>Die St\u00e4rke der Chamber Players ist neben der grossen Erfahrung in verschiedensten Kammermusikformationen, die die Mitglieder der Festival Strings Lucerne auszeichnet, die Flexibilit\u00e4t: so treten die Chamber Players in unterschiedlichsten Kammermusikformationen auf, selbstverst\u00e4ndlich in verschieden grossen Streicherensembles, aber auch in Kombination mit Klavier, Harfe, einzelnen Bl\u00e4sersolisten oder einzelnen \u00ab Special Guests \u00bb wie in der Saison 2021|2022 der aktuellen 1. Preistr\u00e4gerin des Concours G\u00e9za Anda, der amerikanischen Pianistin Claire Huangci. Der thematische Faden in der Saison 2021|2022 ist STREICHTRIOS, entweder nur, wie es der Name ausdr\u00fcckt, mit Streichern besetzt, \u00ab in Verdoppelung \u00bb als Streichsextett oder in Kombination mit Klavier, Bl\u00e4sern oder Harfe.[\/vc_column_text][\/vc_column_inner][\/vc_row_inner][\/vc_tta_section][\/vc_tta_tabs][\/vc_column][\/vc_row]<\/p>\n","protected":false},"excerpt":{"rendered":"<p>[vc_row height_ratio=&#8221;70&#8243; padding_top_multiplier=&#8221;&#8221; rc_bg_type=&#8221;image&#8221; rc_bg_image=&#8221;1262&#8243; rc_bg_image_type=&#8221;parallax&#8221; rc_bg_image_size=&#8221;responsive&#8221; rc_bg_parallax_threshold=&#8221;0.5&#8243; rc_bg_color_overlay=&#8221;gradient&#8221; rc_bg_gradient_overlay_custom_1=&#8221;rgba(3,30,69,0.42)&#8221; rc_bg_gradient_overlay_custom_2=&#8221;rgba(3,30,69,0.01)&#8221; rc_bg_gradient_overlay_direction=&#8221;180&#8243; rc_bg_image_scroll_effect=&#8221;opacity-scroll-effect&#8221; rc_bg_color=&#8221;#031e45&#8243; rc_font_color=&#8221;#ffffff&#8221;][vc_column vertical_content_position=&#8221;bottom&#8221; el_class=&#8221;slider-text&#8221;][vc_column_text] Das Orchester [\/vc_column_text][\/vc_column][\/vc_row][vc_row padding_top_multiplier=&#8221;&#8221; padding_bottom_multiplier=&#8221;&#8221; rc_bg_type=&#8221;color&#8221; rc_bg_color=&#8221;#031e45&#8243;][vc_column animation=&#8221;fade-in-up&#8221; grve_css=&#8221;{&#8220;desktop&#8220;:{&#8220;margin-right&#8220;:&#8220;-&#8220;,&#8220;margin-left&#8220;:&#8220;-&#8220;,&#8220;class&#8220;:&#8220;grve-wpb-1672655897990&#8220;}}&#8221;][\/vc_column][\/vc_row][vc_row rc_heading_color=&#8221;white&#8221;][vc_column animation_delay=&#8221;10&#8243;][vc_column_text]Lorem ipsum dolor [&hellip;]<\/p>\n","protected":false},"author":1,"featured_media":0,"parent":0,"menu_order":0,"comment_status":"closed","ping_status":"closed","template":"","meta":{"content-type":"","inline_featured_image":false,"footnotes":""},"class_list":["post-1663","page","type-page","status-publish","hentry","grve-entry-item"],"_links":{"self":[{"href":"https:\/\/2022.fsl.swiss\/en\/wp-json\/wp\/v2\/pages\/1663","targetHints":{"allow":["GET"]}}],"collection":[{"href":"https:\/\/2022.fsl.swiss\/en\/wp-json\/wp\/v2\/pages"}],"about":[{"href":"https:\/\/2022.fsl.swiss\/en\/wp-json\/wp\/v2\/types\/page"}],"author":[{"embeddable":true,"href":"https:\/\/2022.fsl.swiss\/en\/wp-json\/wp\/v2\/users\/1"}],"replies":[{"embeddable":true,"href":"https:\/\/2022.fsl.swiss\/en\/wp-json\/wp\/v2\/comments?post=1663"}],"version-history":[{"count":10,"href":"https:\/\/2022.fsl.swiss\/en\/wp-json\/wp\/v2\/pages\/1663\/revisions"}],"predecessor-version":[{"id":2490,"href":"https:\/\/2022.fsl.swiss\/en\/wp-json\/wp\/v2\/pages\/1663\/revisions\/2490"}],"wp:attachment":[{"href":"https:\/\/2022.fsl.swiss\/en\/wp-json\/wp\/v2\/media?parent=1663"}],"curies":[{"name":"wp","href":"https:\/\/api.w.org\/{rel}","templated":true}]}}