{"id":1594,"date":"2023-01-02T13:45:27","date_gmt":"2023-01-02T12:45:27","guid":{"rendered":"http:\/\/2022.fsl.swiss\/cartes-abonnements\/"},"modified":"2023-05-07T13:18:57","modified_gmt":"2023-05-07T11:18:57","slug":"cartes-abonnements","status":"publish","type":"page","link":"https:\/\/2022.fsl.swiss\/en\/cartes-abonnements\/","title":{"rendered":"Tickets &amp; Abonnements"},"content":{"rendered":"<p>[vc_row height_ratio=&#8221;70&#8243; padding_top_multiplier=&#8221;&#8221; rc_bg_type=&#8221;image&#8221; rc_bg_image=&#8221;829&#8243; rc_bg_image_size=&#8221;responsive&#8221; rc_bg_position=&#8221;center-top&#8221; rc_bg_image_scroll_effect=&#8221;opacity-scroll-effect&#8221; rc_bg_color=&#8221;#031e45&#8243; rc_font_color=&#8221;#ffffff&#8221;][vc_column vertical_content_position=&#8221;bottom&#8221; el_class=&#8221;slider-text&#8221;][vc_column_text]<\/p>\n<h1>Tickets &amp; Abonnements<\/h1>\n<p>[\/vc_column_text][\/vc_column][\/vc_row][vc_row padding_top_multiplier=&#8221;2x&#8221; rc_heading_color=&#8221;white&#8221;][vc_column grve_css=&#8221;{&#8220;desktop&#8220;:{&#8220;margin-right&#8220;:&#8220;5%&#8220;,&#8220;margin-left&#8220;:&#8220;5%&#8220;,&#8220;class&#8220;:&#8220;grve-wpb-1655112933082&#8220;}}&#8221;][vc_column_text]Lorem ipsum dolor sit amet, consetetur sadipscing elitr, sed diam nonumy eirmod tempor invidunt ut labore et dolore magna aliquyam[\/vc_column_text][\/vc_column][\/vc_row][vc_row][vc_column][vc_tta_tabs active_section=&#8221;1&#8243; tab_go_top=&#8221;yes&#8221;][vc_tta_section title=&#8221;Kartenverkauf #KKL Luzern&#8221; tab_id=&#8221;1656243465426-6d45325a-a8a41662632598941&#8243;][vc_row_inner padding_top_multiplier=&#8221;1x&#8221; padding_bottom_multiplier=&#8221;1x&#8221;][vc_column_inner][vc_column_text]<\/p>\n<div class=\"page-title\">\n<h2><span style=\"color: #dd3333;\">KKL Kartenverkauf<\/span><\/h2>\n<\/div>\n<p>[\/vc_column_text][\/vc_column_inner][\/vc_row_inner][vc_row_inner padding_top_multiplier=&#8221;1x&#8221; padding_bottom_multiplier=&#8221;1x&#8221;][vc_column_inner width=&#8221;1\/2&#8243;][vc_column_text]<\/p>\n<div class=\"page-title\">\n<h2>KKL Kartenverkauf<\/h2>\n<\/div>\n<div class=\"std\">\n<div class=\"row-fluid-15 twoTitleTwoContent\">\n<div class=\"span7 custom-span7-48\">\n<h4>Tickets bestellen und kaufen<\/h4>\n<h4>PRINT@HOME, POSTWEG ODER SCHALTER<\/h4>\n<p>Unser Team im Kartenverkauf ber\u00e4t Sie gerne ausf\u00fchrlich zu den einzelnen Veranstaltungen im KKL Luzern. So finden Sie garantiert die passenden Pl\u00e4tze f\u00fcr Ihren n\u00e4chsten Konzertbesuch. Gerne geben wir Ihnen telefonisch, per E-Mail oder direkt bei uns am Schalter Auskunft. Zudem k\u00f6nnen Sie Ihre Eintrittskarten bequem zu Hause via print@home erwerben und ausdrucken, sich per Post schicken oder beim KKL Kartenverkauf hinterlegen lassen. Bei uns zahlen Sie sicher, einfach und schnell bargeldlos. S\u00e4mtliche Transaktionen in unserem Haus werden elektronisch durchgef\u00fchrt.<\/p>\n<\/div>\n<\/div>\n<\/div>\n<p>[\/vc_column_text][\/vc_column_inner][vc_column_inner width=&#8221;1\/2&#8243;][vc_column_text]<\/p>\n<div class=\"span7 custom-span7-48\">\n<h2>Offizielle Vorverkaufsstellen<\/h2>\n<h3>HINWEIS ZUM SCHWARZMARKT<\/h3>\n<p>Nutzen Sie ausschliesslich offizielle Vorverkaufsstellen zum Kauf von Konzerttickets. Im Internet werben dubiose Online-Plattformen mit Tickets f\u00fcr Konzerte im KKL Luzern. Es handelt sich dabei um Zweitmarkt-Anbieter, die Tickets meist zu massiv \u00fcberh\u00f6hten Preisen und Geb\u00fchren anbieten. Vergewissern Sie sich vor dem Kauf, ob Sie sich auf der Webseite vom KKL Luzern oder dem offiziellen Vorverkauf des Veranstalters befinden.<br \/>\n<a href=\"https:\/\/www.smpa.ch\/de\/engagement\/ticket-zweitmarkt\" target=\"_blank\" rel=\"noopener\">Weitere Informationen zum Ticket-Zweitmarkt<\/a><\/p>\n<\/div>\n<p>[\/vc_column_text][\/vc_column_inner][\/vc_row_inner][\/vc_tta_section][vc_tta_section title=&#8221;Kartenverkauf #Zeugheersaal&#8221; tab_id=&#8221;1656243465533-dccf0606-7a861662632598941&#8243;][vc_row_inner padding_top_multiplier=&#8221;1x&#8221; padding_bottom_multiplier=&#8221;1x&#8221;][vc_column_inner][vc_column_text]<\/p>\n<div class=\"page-title\">\n<h2><span style=\"color: #dd3333;\">Zeugheersaal Kartenverkauf<\/span><\/h2>\n<\/div>\n<p>[\/vc_column_text][\/vc_column_inner][\/vc_row_inner][vc_row_inner padding_top_multiplier=&#8221;1x&#8221; padding_bottom_multiplier=&#8221;1x&#8221;][vc_column_inner width=&#8221;1\/2&#8243;][vc_column_text]<\/p>\n<div class=\"page-title\">\n<h2>KKL Kartenverkauf<\/h2>\n<\/div>\n<div class=\"std\">\n<div class=\"row-fluid-15 twoTitleTwoContent\">\n<div class=\"span7 custom-span7-48\">\n<h4>Tickets bestellen und kaufen<\/h4>\n<h4>PRINT@HOME, POSTWEG ODER SCHALTER<\/h4>\n<p>Unser Team im Kartenverkauf ber\u00e4t Sie gerne ausf\u00fchrlich zu den einzelnen Veranstaltungen im KKL Luzern. So finden Sie garantiert die passenden Pl\u00e4tze f\u00fcr Ihren n\u00e4chsten Konzertbesuch. Gerne geben wir Ihnen telefonisch, per E-Mail oder direkt bei uns am Schalter Auskunft. Zudem k\u00f6nnen Sie Ihre Eintrittskarten bequem zu Hause via print@home erwerben und ausdrucken, sich per Post schicken oder beim KKL Kartenverkauf hinterlegen lassen. Bei uns zahlen Sie sicher, einfach und schnell bargeldlos. S\u00e4mtliche Transaktionen in unserem Haus werden elektronisch durchgef\u00fchrt.<\/p>\n<\/div>\n<\/div>\n<\/div>\n<p>[\/vc_column_text][\/vc_column_inner][vc_column_inner width=&#8221;1\/2&#8243;][vc_column_text]<\/p>\n<div class=\"span7 custom-span7-48\">\n<h2>Offizielle Vorverkaufsstellen<\/h2>\n<h3>HINWEIS ZUM SCHWARZMARKT<\/h3>\n<p>Nutzen Sie ausschliesslich offizielle Vorverkaufsstellen zum Kauf von Konzerttickets. Im Internet werben dubiose Online-Plattformen mit Tickets f\u00fcr Konzerte im KKL Luzern. Es handelt sich dabei um Zweitmarkt-Anbieter, die Tickets meist zu massiv \u00fcberh\u00f6hten Preisen und Geb\u00fchren anbieten. Vergewissern Sie sich vor dem Kauf, ob Sie sich auf der Webseite vom KKL Luzern oder dem offiziellen Vorverkauf des Veranstalters befinden.<br \/>\n<a href=\"https:\/\/www.smpa.ch\/de\/engagement\/ticket-zweitmarkt\" target=\"_blank\" rel=\"noopener\">Weitere Informationen zum Ticket-Zweitmarkt<\/a><\/p>\n<\/div>\n<p>[\/vc_column_text][\/vc_column_inner][\/vc_row_inner][\/vc_tta_section][vc_tta_section title=&#8221;Abonnements&#8221; tab_id=&#8221;1656243513054-a821cac4-724a1662632598941&#8243;][vc_row_inner padding_top_multiplier=&#8221;1x&#8221; padding_bottom_multiplier=&#8221;1x&#8221;][vc_column_inner][vc_column_text]Lorem ipsum dolor sit amet, consectetur adipiscing elit. Cras eu ante arcu. Aenean nec velit nec justo tempus iaculis ac id nisi. Vivamus interdum molestie diam, vel lobortis arcu rhoncus vel. Sed et blandit elit, in vestibulum lacus. Nullam enim nisi, mollis vitae mattis ut, malesuada egestas tellus. Etiam convallis dolor vel mauris pharetra consequat. Aliquam id dignissim ex. Morbi quis placerat elit. Mauris in ipsum nunc. Sed lacinia rhoncus libero a commodo. Donec commodo turpis non libero feugiat scelerisque. Aenean interdum pellentesque imperdiet. Aliquam venenatis eget nisl nec porta. Aenean porttitor tristique vulputate. Aliquam eleifend eleifend sem, ut euismod tellus eleifend eget.<\/p>\n<p>Proin tincidunt et nunc mattis bibendum. Class aptent taciti sociosqu ad litora torquent per conubia nostra, per inceptos himenaeos. Sed id aliquam elit. Etiam sollicitudin tristique sem. Aenean volutpat sem eros. Praesent scelerisque tellus urna, non efficitur risus molestie sed. Pellentesque habitant morbi tristique senectus et netus et malesuada fames ac turpis egestas. Pellentesque sit amet rhoncus nisi, vitae suscipit tellus. Interdum et malesuada fames ac ante ipsum primis in faucibus. Aliquam ullamcorper, purus et condimentum sagittis, dolor ipsum fringilla dolor, a gravida lorem nunc dictum nulla. Cras consequat consectetur ante at blandit.[\/vc_column_text][\/vc_column_inner][\/vc_row_inner][vc_row_inner padding_top_multiplier=&#8221;1x&#8221; padding_bottom_multiplier=&#8221;1x&#8221;][vc_column_inner width=&#8221;1\/2&#8243;][vc_column_text]\n<div class=\"wpcf7 no-js\" id=\"wpcf7-f1605-o1\" lang=\"en-US\" dir=\"ltr\">\n<div class=\"screen-reader-response\"><p role=\"status\" aria-live=\"polite\" aria-atomic=\"true\"><\/p> <ul><\/ul><\/div>\n<form action=\"\/en\/wp-json\/wp\/v2\/pages\/1594#wpcf7-f1605-o1\" method=\"post\" class=\"wpcf7-form init\" aria-label=\"Contact form\" novalidate=\"novalidate\" data-status=\"init\">\n<div style=\"display: none;\">\n<input type=\"hidden\" name=\"_wpcf7\" value=\"1605\" \/>\n<input type=\"hidden\" name=\"_wpcf7_version\" value=\"5.8.5\" \/>\n<input type=\"hidden\" name=\"_wpcf7_locale\" value=\"en_US\" \/>\n<input type=\"hidden\" name=\"_wpcf7_unit_tag\" value=\"wpcf7-f1605-o1\" \/>\n<input type=\"hidden\" name=\"_wpcf7_container_post\" value=\"0\" \/>\n<input type=\"hidden\" name=\"_wpcf7_posted_data_hash\" value=\"\" \/>\n<\/div>\n<h2>Patrons and friends<br \/>\nFestival Strings Lucerne\n<\/h2>\n<p>Ja, ich m\u00f6chte profitieren und unterst\u00fctzen<br \/>\nIch trete bei als:\n<\/p>\n<p><span class=\"wpcf7-form-control-wrap\" data-name=\"checkbox-534\"><span class=\"wpcf7-form-control wpcf7-checkbox\"><span class=\"wpcf7-list-item first last\"><label><input type=\"checkbox\" name=\"checkbox-534[]\" value=\"G\u00f6nner(in)\" \/><span class=\"wpcf7-list-item-label\">G\u00f6nner(in)<\/span><\/label><\/span><\/span><\/span><span class=\"wpcf7-form-control-wrap\" data-name=\"checkbox-534\"><span class=\"wpcf7-form-control wpcf7-checkbox\"><span class=\"wpcf7-list-item first last\"><label><input type=\"checkbox\" name=\"checkbox-534[]\" value=\"Freund(in)\" \/><span class=\"wpcf7-list-item-label\">Freund(in)<\/span><\/label><\/span><\/span><\/span>\n<\/p>\n<hr style=\"border-color: #D70321;\" \/>\n<h6>Ich m\u00f6chte mich zuerst genauer informieren\n<\/h6>\n<p>Bitte senden Sie mir Unterlagen zum Beitritt in den<br \/>\nKreis der Freunde(innen) und G\u00f6nner(innen).\n<\/p>\n<p><span class=\"wpcf7-form-control-wrap\" data-name=\"checkbox-292\"><span class=\"wpcf7-form-control wpcf7-checkbox\"><span class=\"wpcf7-list-item first last\"><label><input type=\"checkbox\" name=\"checkbox-292[]\" value=\"E-Mail\" \/><span class=\"wpcf7-list-item-label\">E-Mail<\/span><\/label><\/span><\/span><\/span><span class=\"wpcf7-form-control-wrap\" data-name=\"checkbox-292\"><span class=\"wpcf7-form-control wpcf7-checkbox\"><span class=\"wpcf7-list-item first last\"><label><input type=\"checkbox\" name=\"checkbox-292[]\" value=\"Briefpost\" \/><span class=\"wpcf7-list-item-label\">Briefpost<\/span><\/label><\/span><\/span><\/span>\n<\/p>\n<hr style=\"border-color: #D70321;\" \/>\n<h6>Bitte senden Sie mir regelm\u00e4ssig Informationen \u00fcber die<br \/>\nVeranstaltungen der Festival Strings Lucerne\n<\/h6>\n<p><span class=\"wpcf7-form-control-wrap\" data-name=\"checkbox-471\"><span class=\"wpcf7-form-control wpcf7-checkbox\"><span class=\"wpcf7-list-item first last\"><label><input type=\"checkbox\" name=\"checkbox-471[]\" value=\"per E-Mail-Newsletter\" \/><span class=\"wpcf7-list-item-label\">per E-Mail-Newsletter<\/span><\/label><\/span><\/span><\/span><span class=\"wpcf7-form-control-wrap\" data-name=\"checkbox-471\"><span class=\"wpcf7-form-control wpcf7-checkbox\"><span class=\"wpcf7-list-item first last\"><label><input type=\"checkbox\" name=\"checkbox-471[]\" value=\"1x pro Jahr per Briefpost\" \/><span class=\"wpcf7-list-item-label\">1x pro Jahr per Briefpost<\/span><\/label><\/span><\/span><\/span>\n<\/p>\n<p><label> Name, Surname<br \/>\n<span class=\"wpcf7-form-control-wrap\" data-name=\"your-name\"><input size=\"40\" class=\"wpcf7-form-control wpcf7-text wpcf7-validates-as-required\" autocomplete=\"name\" aria-required=\"true\" aria-invalid=\"false\" value=\"\" type=\"text\" name=\"your-name\" \/><\/span> <\/label>\n<\/p>\n<p><label> Street, number<br \/>\n<span class=\"wpcf7-form-control-wrap\" data-name=\"your-street\"><input size=\"40\" class=\"wpcf7-form-control wpcf7-text wpcf7-validates-as-required\" aria-required=\"true\" aria-invalid=\"false\" value=\"\" type=\"text\" name=\"your-street\" \/><\/span> <\/label>\n<\/p>\n<p><label> PLZ, Ort<br \/>\n<span class=\"wpcf7-form-control-wrap\" data-name=\"your-ort\"><input size=\"40\" class=\"wpcf7-form-control wpcf7-text wpcf7-validates-as-required\" aria-required=\"true\" aria-invalid=\"false\" value=\"\" type=\"text\" name=\"your-ort\" \/><\/span> <\/label>\n<\/p>\n<p><label> postcode, city<br \/>\n<span class=\"wpcf7-form-control-wrap\" data-name=\"your-telefon\"><input size=\"40\" class=\"wpcf7-form-control wpcf7-text\" aria-invalid=\"false\" value=\"\" type=\"text\" name=\"your-telefon\" \/><\/span> <\/label>\n<\/p>\n<p><label> Your mail-address<br \/>\n<span class=\"wpcf7-form-control-wrap\" data-name=\"your-email\"><input size=\"40\" class=\"wpcf7-form-control wpcf7-email wpcf7-text wpcf7-validates-as-email\" autocomplete=\"email\" aria-invalid=\"false\" value=\"\" type=\"email\" name=\"your-email\" \/><\/span> <\/label>\n<\/p>\n<p><label> Your message (optional)<br \/>\n<span class=\"wpcf7-form-control-wrap\" data-name=\"your-message\"><textarea cols=\"40\" rows=\"10\" class=\"wpcf7-form-control wpcf7-textarea\" aria-invalid=\"false\" name=\"your-message\"><\/textarea><\/span> <\/label>\n<\/p>\n<p><input class=\"wpcf7-form-control wpcf7-submit has-spinner\" type=\"submit\" value=\"Senden\" \/>\n<\/p><div class=\"wpcf7-response-output\" aria-hidden=\"true\"><\/div>\n<\/form>\n<\/div>\n[\/vc_column_text][\/vc_column_inner][vc_column_inner width=&#8221;1\/2&#8243; mobile_width=&#8221;hide&#8221;][\/vc_column_inner][\/vc_row_inner][\/vc_tta_section][\/vc_tta_tabs][\/vc_column][\/vc_row]<\/p>\n","protected":false},"excerpt":{"rendered":"<p>[vc_row height_ratio=&#8221;70&#8243; padding_top_multiplier=&#8221;&#8221; rc_bg_type=&#8221;image&#8221; rc_bg_image=&#8221;829&#8243; rc_bg_image_size=&#8221;responsive&#8221; rc_bg_position=&#8221;center-top&#8221; rc_bg_image_scroll_effect=&#8221;opacity-scroll-effect&#8221; rc_bg_color=&#8221;#031e45&#8243; rc_font_color=&#8221;#ffffff&#8221;][vc_column vertical_content_position=&#8221;bottom&#8221; el_class=&#8221;slider-text&#8221;][vc_column_text] Tickets &amp; Abonnements [\/vc_column_text][\/vc_column][\/vc_row][vc_row padding_top_multiplier=&#8221;2x&#8221; rc_heading_color=&#8221;white&#8221;][vc_column grve_css=&#8221;{&#8220;desktop&#8220;:{&#8220;margin-right&#8220;:&#8220;5%&#8220;,&#8220;margin-left&#8220;:&#8220;5%&#8220;,&#8220;class&#8220;:&#8220;grve-wpb-1655112933082&#8220;}}&#8221;][vc_column_text]Lorem ipsum dolor sit amet, consetetur sadipscing elitr, sed diam nonumy eirmod [&hellip;]<\/p>\n","protected":false},"author":1,"featured_media":0,"parent":0,"menu_order":0,"comment_status":"closed","ping_status":"closed","template":"","meta":{"content-type":"","inline_featured_image":false,"footnotes":""},"class_list":["post-1594","page","type-page","status-publish","hentry","grve-entry-item"],"_links":{"self":[{"href":"https:\/\/2022.fsl.swiss\/en\/wp-json\/wp\/v2\/pages\/1594","targetHints":{"allow":["GET"]}}],"collection":[{"href":"https:\/\/2022.fsl.swiss\/en\/wp-json\/wp\/v2\/pages"}],"about":[{"href":"https:\/\/2022.fsl.swiss\/en\/wp-json\/wp\/v2\/types\/page"}],"author":[{"embeddable":true,"href":"https:\/\/2022.fsl.swiss\/en\/wp-json\/wp\/v2\/users\/1"}],"replies":[{"embeddable":true,"href":"https:\/\/2022.fsl.swiss\/en\/wp-json\/wp\/v2\/comments?post=1594"}],"version-history":[{"count":7,"href":"https:\/\/2022.fsl.swiss\/en\/wp-json\/wp\/v2\/pages\/1594\/revisions"}],"predecessor-version":[{"id":1601,"href":"https:\/\/2022.fsl.swiss\/en\/wp-json\/wp\/v2\/pages\/1594\/revisions\/1601"}],"wp:attachment":[{"href":"https:\/\/2022.fsl.swiss\/en\/wp-json\/wp\/v2\/media?parent=1594"}],"curies":[{"name":"wp","href":"https:\/\/api.w.org\/{rel}","templated":true}]}}